{"id":3928,"date":"2024-01-24T12:11:09","date_gmt":"2024-01-24T12:11:09","guid":{"rendered":"https:\/\/asgo.pt\/news-2\/"},"modified":"2024-03-21T15:05:52","modified_gmt":"2024-03-21T15:05:52","slug":"news-2","status":"publish","type":"page","link":"https:\/\/asgo.pt\/en\/news-2\/","title":{"rendered":"News"},"content":{"rendered":"\t\t<div data-elementor-type=\"wp-page\" data-elementor-id=\"3928\" class=\"elementor elementor-3928 elementor-3244\" data-elementor-post-type=\"page\">\n\t\t\t\t<div class=\"elementor-element elementor-element-f40d0ec e-flex e-con-boxed e-con e-parent\" data-id=\"f40d0ec\" data-element_type=\"container\">\n\t\t\t\t\t<div class=\"e-con-inner\">\n\t\t\t\t<div class=\"elementor-element elementor-element-c168c75 elementor-widget-mobile__width-initial elementor-hidden-desktop elementor-search-form--skin-classic elementor-search-form--button-type-icon elementor-search-form--icon-search elementor-widget elementor-widget-search-form\" data-id=\"c168c75\" data-element_type=\"widget\" data-settings=\"{&quot;skin&quot;:&quot;classic&quot;}\" data-widget_type=\"search-form.default\">\n\t\t\t\t<div class=\"elementor-widget-container\">\n\t\t\t\t\t\t\t<search role=\"search\">\n\t\t\t<form class=\"elementor-search-form\" action=\"https:\/\/asgo.pt\/en\/\" method=\"get\">\n\t\t\t\t\t\t\t\t\t\t\t\t<div class=\"elementor-search-form__container\">\n\t\t\t\t\t<label class=\"elementor-screen-only\" for=\"elementor-search-form-c168c75\">Search<\/label>\n\n\t\t\t\t\t\n\t\t\t\t\t<input id=\"elementor-search-form-c168c75\" placeholder=\"Search...\" class=\"elementor-search-form__input\" type=\"search\" name=\"s\" value=\"\">\n\t\t\t\t\t<input type='hidden' name='lang' value='en' \/>\n\t\t\t\t\t\t\t\t\t\t\t<button class=\"elementor-search-form__submit\" type=\"submit\" aria-label=\"Search\">\n\t\t\t\t\t\t\t\t\t\t\t\t\t\t\t<div class=\"e-font-icon-svg-container\"><svg class=\"fa fa-search e-font-icon-svg e-fas-search\" viewBox=\"0 0 512 512\" xmlns=\"http:\/\/www.w3.org\/2000\/svg\"><path d=\"M505 442.7L405.3 343c-4.5-4.5-10.6-7-17-7H372c27.6-35.3 44-79.7 44-128C416 93.1 322.9 0 208 0S0 93.1 0 208s93.1 208 208 208c48.3 0 92.7-16.4 128-44v16.3c0 6.4 2.5 12.5 7 17l99.7 99.7c9.4 9.4 24.6 9.4 33.9 0l28.3-28.3c9.4-9.4 9.4-24.6.1-34zM208 336c-70.7 0-128-57.2-128-128 0-70.7 57.2-128 128-128 70.7 0 128 57.2 128 128 0 70.7-57.2 128-128 128z\"><\/path><\/svg><\/div>\t\t\t\t\t\t\t\t\t\t\t\t\t<\/button>\n\t\t\t\t\t\n\t\t\t\t\t\t\t\t\t<\/div>\n\t\t\t<\/form>\n\t\t<\/search>\n\t\t\t\t\t\t<\/div>\n\t\t\t\t<\/div>\n\t\t<div class=\"elementor-element elementor-element-130f355 e-con-full e-flex e-con e-child\" data-id=\"130f355\" data-element_type=\"container\">\n\t\t\t\t<div class=\"elementor-element elementor-element-b399d85 elementor-grid-1 elementor-widget__width-initial elementor-grid-tablet-2 elementor-grid-mobile-1 elementor-posts--thumbnail-top elementor-card-shadow-yes elementor-posts__hover-gradient elementor-widget elementor-widget-posts\" data-id=\"b399d85\" data-element_type=\"widget\" data-settings=\"{&quot;cards_columns&quot;:&quot;1&quot;,&quot;cards_columns_tablet&quot;:&quot;2&quot;,&quot;cards_columns_mobile&quot;:&quot;1&quot;,&quot;cards_row_gap&quot;:{&quot;unit&quot;:&quot;px&quot;,&quot;size&quot;:35,&quot;sizes&quot;:[]},&quot;cards_row_gap_tablet&quot;:{&quot;unit&quot;:&quot;px&quot;,&quot;size&quot;:&quot;&quot;,&quot;sizes&quot;:[]},&quot;cards_row_gap_mobile&quot;:{&quot;unit&quot;:&quot;px&quot;,&quot;size&quot;:&quot;&quot;,&quot;sizes&quot;:[]}}\" data-widget_type=\"posts.cards\">\n\t\t\t\t<div class=\"elementor-widget-container\">\n\t\t\t\t\t\t\t<div class=\"elementor-posts-container elementor-posts elementor-posts--skin-cards elementor-grid\" role=\"list\">\n\t\t\t\t<article class=\"elementor-post elementor-grid-item post-6100 post type-post status-publish format-standard has-post-thumbnail hentry category-general category-news-en-2\" role=\"listitem\">\n\t\t\t<div class=\"elementor-post__card\">\n\t\t\t\t<a class=\"elementor-post__thumbnail__link\" href=\"https:\/\/asgo.pt\/en\/asgo-and-subic\/\" tabindex=\"-1\"><div class=\"elementor-post__thumbnail\"><img fetchpriority=\"high\" decoding=\"async\" width=\"1024\" height=\"1024\" src=\"https:\/\/asgo.pt\/wp-content\/uploads\/2024\/04\/Storeboard-ASGO-PT-1024x1024.png\" class=\"attachment-large size-large wp-image-6096\" alt=\"\" srcset=\"https:\/\/asgo.pt\/wp-content\/uploads\/2024\/04\/Storeboard-ASGO-PT-1024x1024.png 1024w, https:\/\/asgo.pt\/wp-content\/uploads\/2024\/04\/Storeboard-ASGO-PT-300x300.png 300w, https:\/\/asgo.pt\/wp-content\/uploads\/2024\/04\/Storeboard-ASGO-PT-150x150.png 150w, https:\/\/asgo.pt\/wp-content\/uploads\/2024\/04\/Storeboard-ASGO-PT-768x768.png 768w, https:\/\/asgo.pt\/wp-content\/uploads\/2024\/04\/Storeboard-ASGO-PT-1536x1536.png 1536w, https:\/\/asgo.pt\/wp-content\/uploads\/2024\/04\/Storeboard-ASGO-PT-2048x2048.png 2048w, https:\/\/asgo.pt\/wp-content\/uploads\/2024\/04\/Storeboard-ASGO-PT-500x500.png 500w, https:\/\/asgo.pt\/wp-content\/uploads\/2024\/04\/Storeboard-ASGO-PT-800x800.png 800w\" sizes=\"(max-width: 1024px) 100vw, 1024px\" \/><\/div><\/a>\n\t\t\t\t<div class=\"elementor-post__badge\">General<\/div>\n\t\t\t\t<div class=\"elementor-post__text\">\n\t\t\t\t<h3 class=\"elementor-post__title\">\n\t\t\t<a href=\"https:\/\/asgo.pt\/en\/asgo-and-subic\/\">\n\t\t\t\tA New Era for Asgo: Joining the SUBIC Group\t\t\t<\/a>\n\t\t<\/h3>\n\t\t\t\t<div class=\"elementor-post__excerpt\">\n\t\t\t<p>With great pride and enthusiasm, Asgo announces its recent integration into the SUBIC Group, a strategic alliance that represents a historic milestone in our history.<\/p>\n\t\t<\/div>\n\t\t\n\t\t<a class=\"elementor-post__read-more\" href=\"https:\/\/asgo.pt\/en\/asgo-and-subic\/\" aria-label=\"Read more about A New Era for Asgo: Joining the SUBIC Group\" tabindex=\"-1\">\n\t\t\tRead more &gt;\t\t<\/a>\n\n\t\t\t\t<\/div>\n\t\t\t\t<div class=\"elementor-post__meta-data\">\n\t\t\t\t\t<span class=\"elementor-post-date\">\n\t\t\tApril 4, 2024\t\t<\/span>\n\t\t\t\t<span class=\"elementor-post-avatar\">\n\t\t\tNo Comments\t\t<\/span>\n\t\t\t\t<\/div>\n\t\t\t\t\t<\/div>\n\t\t<\/article>\n\t\t\t\t<article class=\"elementor-post elementor-grid-item post-3940 post type-post status-publish format-standard has-post-thumbnail hentry category-career category-vacancies\" role=\"listitem\">\n\t\t\t<div class=\"elementor-post__card\">\n\t\t\t\t<a class=\"elementor-post__thumbnail__link\" href=\"https:\/\/asgo.pt\/en\/client-manager-north-face-to-face\/\" tabindex=\"-1\"><div class=\"elementor-post__thumbnail\"><img decoding=\"async\" width=\"513\" height=\"472\" src=\"https:\/\/asgo.pt\/wp-content\/uploads\/2024\/01\/e25a67bd69668c76f7bb9fc9b56069eb.jpg\" class=\"attachment-large size-large wp-image-5600\" alt=\"\" srcset=\"https:\/\/asgo.pt\/wp-content\/uploads\/2024\/01\/e25a67bd69668c76f7bb9fc9b56069eb.jpg 513w, https:\/\/asgo.pt\/wp-content\/uploads\/2024\/01\/e25a67bd69668c76f7bb9fc9b56069eb-300x276.jpg 300w\" sizes=\"(max-width: 513px) 100vw, 513px\" \/><\/div><\/a>\n\t\t\t\t<div class=\"elementor-post__badge\">career<\/div>\n\t\t\t\t<div class=\"elementor-post__text\">\n\t\t\t\t<h3 class=\"elementor-post__title\">\n\t\t\t<a href=\"https:\/\/asgo.pt\/en\/client-manager-north-face-to-face\/\">\n\t\t\t\tASGO at Tecnip\u00e3o 2024!\t\t\t<\/a>\n\t\t<\/h3>\n\t\t\t\t<div class=\"elementor-post__excerpt\">\n\t\t\t<p>Asgo, with its mission to lead the market through innovation and exceptional quality, is pleased to invite professionals, operations managers and innovators from the food<\/p>\n\t\t<\/div>\n\t\t\n\t\t<a class=\"elementor-post__read-more\" href=\"https:\/\/asgo.pt\/en\/client-manager-north-face-to-face\/\" aria-label=\"Read more about ASGO at Tecnip\u00e3o 2024!\" tabindex=\"-1\">\n\t\t\tRead more &gt;\t\t<\/a>\n\n\t\t\t\t<\/div>\n\t\t\t\t<div class=\"elementor-post__meta-data\">\n\t\t\t\t\t<span class=\"elementor-post-date\">\n\t\t\tJanuary 23, 2024\t\t<\/span>\n\t\t\t\t<span class=\"elementor-post-avatar\">\n\t\t\tNo Comments\t\t<\/span>\n\t\t\t\t<\/div>\n\t\t\t\t\t<\/div>\n\t\t<\/article>\n\t\t\t\t<article class=\"elementor-post elementor-grid-item post-3942 post type-post status-publish format-standard has-post-thumbnail hentry category-news category-solutions tag-noti-en\" role=\"listitem\">\n\t\t\t<div class=\"elementor-post__card\">\n\t\t\t\t<a class=\"elementor-post__thumbnail__link\" href=\"https:\/\/asgo.pt\/en\/asgo-s-a-invitations-for-2024\/\" tabindex=\"-1\"><div class=\"elementor-post__thumbnail\"><img decoding=\"async\" width=\"1000\" height=\"667\" src=\"https:\/\/asgo.pt\/wp-content\/uploads\/revslider\/main-home-rev-02\/Main-home-rev-2-image-03.jpg\" class=\"attachment-large size-large wp-image-3760\" alt=\"\" srcset=\"https:\/\/asgo.pt\/wp-content\/uploads\/revslider\/main-home-rev-02\/Main-home-rev-2-image-03.jpg 1000w, https:\/\/asgo.pt\/wp-content\/uploads\/revslider\/main-home-rev-02\/Main-home-rev-2-image-03-800x534.jpg 800w, https:\/\/asgo.pt\/wp-content\/uploads\/revslider\/main-home-rev-02\/Main-home-rev-2-image-03-300x200.jpg 300w, https:\/\/asgo.pt\/wp-content\/uploads\/revslider\/main-home-rev-02\/Main-home-rev-2-image-03-768x512.jpg 768w\" sizes=\"(max-width: 1000px) 100vw, 1000px\" \/><\/div><\/a>\n\t\t\t\t<div class=\"elementor-post__badge\">news<\/div>\n\t\t\t\t<div class=\"elementor-post__text\">\n\t\t\t\t<h3 class=\"elementor-post__title\">\n\t\t\t<a href=\"https:\/\/asgo.pt\/en\/asgo-s-a-invitations-for-2024\/\">\n\t\t\t\tASGO S.A Invitations for 2024\t\t\t<\/a>\n\t\t<\/h3>\n\t\t\t\t<div class=\"elementor-post__excerpt\">\n\t\t\t<p>Lorem ipsum dolor sit amet, consectetur adipiscing elit, sed do eiusmod tempor incididunt ut labore et dolore magna aliqua. Ut enim ad minim veniam, quis<\/p>\n\t\t<\/div>\n\t\t\n\t\t<a class=\"elementor-post__read-more\" href=\"https:\/\/asgo.pt\/en\/asgo-s-a-invitations-for-2024\/\" aria-label=\"Read more about ASGO S.A Invitations for 2024\" tabindex=\"-1\">\n\t\t\tRead more &gt;\t\t<\/a>\n\n\t\t\t\t<\/div>\n\t\t\t\t<div class=\"elementor-post__meta-data\">\n\t\t\t\t\t<span class=\"elementor-post-date\">\n\t\t\tJanuary 22, 2024\t\t<\/span>\n\t\t\t\t<span class=\"elementor-post-avatar\">\n\t\t\tNo Comments\t\t<\/span>\n\t\t\t\t<\/div>\n\t\t\t\t\t<\/div>\n\t\t<\/article>\n\t\t\t\t<article class=\"elementor-post elementor-grid-item post-3952 post type-post status-publish format-standard has-post-thumbnail hentry category-fairs\" role=\"listitem\">\n\t\t\t<div class=\"elementor-post__card\">\n\t\t\t\t<a class=\"elementor-post__thumbnail__link\" href=\"https:\/\/asgo.pt\/en\/asgo-will-be-present-at-the-iba-2023-trade-fair\/\" tabindex=\"-1\"><div class=\"elementor-post__thumbnail\"><img loading=\"lazy\" decoding=\"async\" width=\"348\" height=\"145\" src=\"https:\/\/asgo.pt\/wp-content\/uploads\/2023\/08\/iba.jpg\" class=\"attachment-large size-large wp-image-3800\" alt=\"\" srcset=\"https:\/\/asgo.pt\/wp-content\/uploads\/2023\/08\/iba.jpg 348w, https:\/\/asgo.pt\/wp-content\/uploads\/2023\/08\/iba-300x125.jpg 300w\" sizes=\"(max-width: 348px) 100vw, 348px\" \/><\/div><\/a>\n\t\t\t\t<div class=\"elementor-post__badge\">Fairs<\/div>\n\t\t\t\t<div class=\"elementor-post__text\">\n\t\t\t\t<h3 class=\"elementor-post__title\">\n\t\t\t<a href=\"https:\/\/asgo.pt\/en\/asgo-will-be-present-at-the-iba-2023-trade-fair\/\">\n\t\t\t\tAsgo will be present at the IBA 2023 trade fair\t\t\t<\/a>\n\t\t<\/h3>\n\t\t\t\t<div class=\"elementor-post__excerpt\">\n\t\t\t<p>iba is the world&#8217;s leading trade fair for bakery, confectionery and snacks and offers a unique platform for presenting the latest trends and innovations in<\/p>\n\t\t<\/div>\n\t\t\n\t\t<a class=\"elementor-post__read-more\" href=\"https:\/\/asgo.pt\/en\/asgo-will-be-present-at-the-iba-2023-trade-fair\/\" aria-label=\"Read more about Asgo will be present at the IBA 2023 trade fair\" tabindex=\"-1\">\n\t\t\tRead more &gt;\t\t<\/a>\n\n\t\t\t\t<\/div>\n\t\t\t\t<div class=\"elementor-post__meta-data\">\n\t\t\t\t\t<span class=\"elementor-post-date\">\n\t\t\tAugust 16, 2023\t\t<\/span>\n\t\t\t\t<span class=\"elementor-post-avatar\">\n\t\t\tNo Comments\t\t<\/span>\n\t\t\t\t<\/div>\n\t\t\t\t\t<\/div>\n\t\t<\/article>\n\t\t\t\t<\/div>\n\t\t\n\t\t\t\t\t\t<\/div>\n\t\t\t\t<\/div>\n\t\t\t\t<\/div>\n\t\t<div class=\"elementor-element elementor-element-3219e8a e-con-full e-flex e-con e-child\" data-id=\"3219e8a\" data-element_type=\"container\">\n\t\t\t\t<\/div>\n\t\t<div class=\"elementor-element elementor-element-0b763bd e-con-full elementor-hidden-tablet elementor-hidden-mobile e-flex e-con e-child\" data-id=\"0b763bd\" data-element_type=\"container\">\n\t\t\t\t<div class=\"elementor-element elementor-element-f331945 elementor-search-form--skin-classic elementor-search-form--button-type-icon elementor-search-form--icon-search elementor-widget elementor-widget-search-form\" data-id=\"f331945\" data-element_type=\"widget\" data-settings=\"{&quot;skin&quot;:&quot;classic&quot;}\" data-widget_type=\"search-form.default\">\n\t\t\t\t<div class=\"elementor-widget-container\">\n\t\t\t\t\t\t\t<search role=\"search\">\n\t\t\t<form class=\"elementor-search-form\" action=\"https:\/\/asgo.pt\/en\/\" method=\"get\">\n\t\t\t\t\t\t\t\t\t\t\t\t<div class=\"elementor-search-form__container\">\n\t\t\t\t\t<label class=\"elementor-screen-only\" for=\"elementor-search-form-f331945\">Search<\/label>\n\n\t\t\t\t\t\n\t\t\t\t\t<input id=\"elementor-search-form-f331945\" placeholder=\"Search...\" class=\"elementor-search-form__input\" type=\"search\" name=\"s\" value=\"\">\n\t\t\t\t\t<input type='hidden' name='lang' value='en' \/>\n\t\t\t\t\t\t\t\t\t\t\t<button class=\"elementor-search-form__submit\" type=\"submit\" aria-label=\"Search\">\n\t\t\t\t\t\t\t\t\t\t\t\t\t\t\t<div class=\"e-font-icon-svg-container\"><svg class=\"fa fa-search e-font-icon-svg e-fas-search\" viewBox=\"0 0 512 512\" xmlns=\"http:\/\/www.w3.org\/2000\/svg\"><path d=\"M505 442.7L405.3 343c-4.5-4.5-10.6-7-17-7H372c27.6-35.3 44-79.7 44-128C416 93.1 322.9 0 208 0S0 93.1 0 208s93.1 208 208 208c48.3 0 92.7-16.4 128-44v16.3c0 6.4 2.5 12.5 7 17l99.7 99.7c9.4 9.4 24.6 9.4 33.9 0l28.3-28.3c9.4-9.4 9.4-24.6.1-34zM208 336c-70.7 0-128-57.2-128-128 0-70.7 57.2-128 128-128 70.7 0 128 57.2 128 128 0 70.7-57.2 128-128 128z\"><\/path><\/svg><\/div>\t\t\t\t\t\t\t\t\t\t\t\t\t<\/button>\n\t\t\t\t\t\n\t\t\t\t\t\t\t\t\t<\/div>\n\t\t\t<\/form>\n\t\t<\/search>\n\t\t\t\t\t\t<\/div>\n\t\t\t\t<\/div>\n\t\t\t\t<div class=\"elementor-element elementor-element-7c33e7d e-n-tabs-mobile elementor-widget elementor-widget-n-tabs\" data-id=\"7c33e7d\" data-element_type=\"widget\" data-settings=\"{&quot;horizontal_scroll&quot;:&quot;disable&quot;}\" data-widget_type=\"nested-tabs.default\">\n\t\t\t\t<div class=\"elementor-widget-container\">\n\t\t\t\t\t\t\t<div class=\"e-n-tabs\" data-widget-number=\"130236029\" aria-label=\"Tabs. Open items with Enter or Space, close with Escape and navigate using the Arrow keys.\">\n\t\t\t<div class=\"e-n-tabs-heading\" role=\"tablist\">\n\t\t\t\t\t<button id=\"e-n-tab-title-1302360291\" data-tab-title-id=\"e-n-tab-title-1302360291\" class=\"e-n-tab-title\" aria-selected=\"true\" data-tab-index=\"1\" role=\"tab\" tabindex=\"0\" aria-controls=\"e-n-tab-content-1302360291\" style=\"--n-tabs-title-order: 1;\">\n\t\t\t\t\t\t<span class=\"e-n-tab-title-text\">\n\t\t\t\tEvents\t\t\t<\/span>\n\t\t<\/button>\n\t\t\t\t<button id=\"e-n-tab-title-1302360292\" data-tab-title-id=\"e-n-tab-title-1302360292\" class=\"e-n-tab-title\" aria-selected=\"false\" data-tab-index=\"2\" role=\"tab\" tabindex=\"-1\" aria-controls=\"e-n-tab-content-1302360292\" style=\"--n-tabs-title-order: 2;\">\n\t\t\t\t\t\t<span class=\"e-n-tab-title-text\">\n\t\t\t\tNews\t\t\t<\/span>\n\t\t<\/button>\n\t\t\t\t\t<\/div>\n\t\t\t<div class=\"e-n-tabs-content\">\n\t\t\t\t<div id=\"e-n-tab-content-1302360291\" role=\"tabpanel\" aria-labelledby=\"e-n-tab-title-1302360291\" data-tab-index=\"1\" style=\"--n-tabs-title-order: 1;\" class=\"e-active elementor-element elementor-element-058fa03 e-con-full e-flex e-con e-child\" data-id=\"058fa03\" data-element_type=\"container\">\n\t\t\t\t<div class=\"elementor-element elementor-element-550b2ea elementor-grid-1 elementor-grid-tablet-2 elementor-grid-mobile-1 elementor-posts--thumbnail-top elementor-widget elementor-widget-posts\" data-id=\"550b2ea\" data-element_type=\"widget\" data-settings=\"{&quot;classic_columns&quot;:&quot;1&quot;,&quot;classic_columns_tablet&quot;:&quot;2&quot;,&quot;classic_columns_mobile&quot;:&quot;1&quot;,&quot;classic_row_gap&quot;:{&quot;unit&quot;:&quot;px&quot;,&quot;size&quot;:35,&quot;sizes&quot;:[]},&quot;classic_row_gap_tablet&quot;:{&quot;unit&quot;:&quot;px&quot;,&quot;size&quot;:&quot;&quot;,&quot;sizes&quot;:[]},&quot;classic_row_gap_mobile&quot;:{&quot;unit&quot;:&quot;px&quot;,&quot;size&quot;:&quot;&quot;,&quot;sizes&quot;:[]}}\" data-widget_type=\"posts.classic\">\n\t\t\t\t<div class=\"elementor-widget-container\">\n\t\t\t\t\t\t\t<div class=\"elementor-posts-container elementor-posts elementor-posts--skin-classic elementor-grid\" role=\"list\">\n\t\t\t\t<article class=\"elementor-post elementor-grid-item post-6100 post type-post status-publish format-standard has-post-thumbnail hentry category-general category-news-en-2\" role=\"listitem\">\n\t\t\t\t<a class=\"elementor-post__thumbnail__link\" href=\"https:\/\/asgo.pt\/en\/asgo-and-subic\/\" tabindex=\"-1\">\n\t\t\t<div class=\"elementor-post__thumbnail\"><img loading=\"lazy\" decoding=\"async\" width=\"300\" height=\"300\" src=\"https:\/\/asgo.pt\/wp-content\/uploads\/2024\/04\/Storeboard-ASGO-PT-300x300.png\" class=\"attachment-medium size-medium wp-image-6096\" alt=\"\" srcset=\"https:\/\/asgo.pt\/wp-content\/uploads\/2024\/04\/Storeboard-ASGO-PT-300x300.png 300w, https:\/\/asgo.pt\/wp-content\/uploads\/2024\/04\/Storeboard-ASGO-PT-1024x1024.png 1024w, https:\/\/asgo.pt\/wp-content\/uploads\/2024\/04\/Storeboard-ASGO-PT-150x150.png 150w, https:\/\/asgo.pt\/wp-content\/uploads\/2024\/04\/Storeboard-ASGO-PT-768x768.png 768w, https:\/\/asgo.pt\/wp-content\/uploads\/2024\/04\/Storeboard-ASGO-PT-1536x1536.png 1536w, https:\/\/asgo.pt\/wp-content\/uploads\/2024\/04\/Storeboard-ASGO-PT-2048x2048.png 2048w, https:\/\/asgo.pt\/wp-content\/uploads\/2024\/04\/Storeboard-ASGO-PT-500x500.png 500w, https:\/\/asgo.pt\/wp-content\/uploads\/2024\/04\/Storeboard-ASGO-PT-800x800.png 800w\" sizes=\"(max-width: 300px) 100vw, 300px\" \/><\/div>\n\t\t<\/a>\n\t\t\t\t<div class=\"elementor-post__text\">\n\t\t\t\t<h3 class=\"elementor-post__title\">\n\t\t\t<a href=\"https:\/\/asgo.pt\/en\/asgo-and-subic\/\">\n\t\t\t\tA New Era for Asgo: Joining the SUBIC Group\t\t\t<\/a>\n\t\t<\/h3>\n\t\t\t\t<div class=\"elementor-post__meta-data\">\n\t\t\t\t\t<span class=\"elementor-post-date\">\n\t\t\tApril 4, 2024\t\t<\/span>\n\t\t\t\t<\/div>\n\t\t\n\t\t<a class=\"elementor-post__read-more\" href=\"https:\/\/asgo.pt\/en\/asgo-and-subic\/\" aria-label=\"Read more about A New Era for Asgo: Joining the SUBIC Group\" tabindex=\"-1\">\n\t\t\tRead more &gt;\t\t<\/a>\n\n\t\t\t\t<\/div>\n\t\t\t\t<\/article>\n\t\t\t\t<article class=\"elementor-post elementor-grid-item post-3940 post type-post status-publish format-standard has-post-thumbnail hentry category-career category-vacancies\" role=\"listitem\">\n\t\t\t\t<a class=\"elementor-post__thumbnail__link\" href=\"https:\/\/asgo.pt\/en\/client-manager-north-face-to-face\/\" tabindex=\"-1\">\n\t\t\t<div class=\"elementor-post__thumbnail\"><img loading=\"lazy\" decoding=\"async\" width=\"300\" height=\"276\" src=\"https:\/\/asgo.pt\/wp-content\/uploads\/2024\/01\/e25a67bd69668c76f7bb9fc9b56069eb-300x276.jpg\" class=\"attachment-medium size-medium wp-image-5600\" alt=\"\" srcset=\"https:\/\/asgo.pt\/wp-content\/uploads\/2024\/01\/e25a67bd69668c76f7bb9fc9b56069eb-300x276.jpg 300w, https:\/\/asgo.pt\/wp-content\/uploads\/2024\/01\/e25a67bd69668c76f7bb9fc9b56069eb.jpg 513w\" sizes=\"(max-width: 300px) 100vw, 300px\" \/><\/div>\n\t\t<\/a>\n\t\t\t\t<div class=\"elementor-post__text\">\n\t\t\t\t<h3 class=\"elementor-post__title\">\n\t\t\t<a href=\"https:\/\/asgo.pt\/en\/client-manager-north-face-to-face\/\">\n\t\t\t\tASGO at Tecnip\u00e3o 2024!\t\t\t<\/a>\n\t\t<\/h3>\n\t\t\t\t<div class=\"elementor-post__meta-data\">\n\t\t\t\t\t<span class=\"elementor-post-date\">\n\t\t\tJanuary 23, 2024\t\t<\/span>\n\t\t\t\t<\/div>\n\t\t\n\t\t<a class=\"elementor-post__read-more\" href=\"https:\/\/asgo.pt\/en\/client-manager-north-face-to-face\/\" aria-label=\"Read more about ASGO at Tecnip\u00e3o 2024!\" tabindex=\"-1\">\n\t\t\tRead more &gt;\t\t<\/a>\n\n\t\t\t\t<\/div>\n\t\t\t\t<\/article>\n\t\t\t\t<article class=\"elementor-post elementor-grid-item post-3942 post type-post status-publish format-standard has-post-thumbnail hentry category-news category-solutions tag-noti-en\" role=\"listitem\">\n\t\t\t\t<a class=\"elementor-post__thumbnail__link\" href=\"https:\/\/asgo.pt\/en\/asgo-s-a-invitations-for-2024\/\" tabindex=\"-1\">\n\t\t\t<div class=\"elementor-post__thumbnail\"><img loading=\"lazy\" decoding=\"async\" width=\"300\" height=\"200\" src=\"https:\/\/asgo.pt\/wp-content\/uploads\/revslider\/main-home-rev-02\/Main-home-rev-2-image-03-300x200.jpg\" class=\"attachment-medium size-medium wp-image-3760\" alt=\"\" srcset=\"https:\/\/asgo.pt\/wp-content\/uploads\/revslider\/main-home-rev-02\/Main-home-rev-2-image-03-300x200.jpg 300w, https:\/\/asgo.pt\/wp-content\/uploads\/revslider\/main-home-rev-02\/Main-home-rev-2-image-03-800x534.jpg 800w, https:\/\/asgo.pt\/wp-content\/uploads\/revslider\/main-home-rev-02\/Main-home-rev-2-image-03-768x512.jpg 768w, https:\/\/asgo.pt\/wp-content\/uploads\/revslider\/main-home-rev-02\/Main-home-rev-2-image-03.jpg 1000w\" sizes=\"(max-width: 300px) 100vw, 300px\" \/><\/div>\n\t\t<\/a>\n\t\t\t\t<div class=\"elementor-post__text\">\n\t\t\t\t<h3 class=\"elementor-post__title\">\n\t\t\t<a href=\"https:\/\/asgo.pt\/en\/asgo-s-a-invitations-for-2024\/\">\n\t\t\t\tASGO S.A Invitations for 2024\t\t\t<\/a>\n\t\t<\/h3>\n\t\t\t\t<div class=\"elementor-post__meta-data\">\n\t\t\t\t\t<span class=\"elementor-post-date\">\n\t\t\tJanuary 22, 2024\t\t<\/span>\n\t\t\t\t<\/div>\n\t\t\n\t\t<a class=\"elementor-post__read-more\" href=\"https:\/\/asgo.pt\/en\/asgo-s-a-invitations-for-2024\/\" aria-label=\"Read more about ASGO S.A Invitations for 2024\" tabindex=\"-1\">\n\t\t\tRead more &gt;\t\t<\/a>\n\n\t\t\t\t<\/div>\n\t\t\t\t<\/article>\n\t\t\t\t<article class=\"elementor-post elementor-grid-item post-3952 post type-post status-publish format-standard has-post-thumbnail hentry category-fairs\" role=\"listitem\">\n\t\t\t\t<a class=\"elementor-post__thumbnail__link\" href=\"https:\/\/asgo.pt\/en\/asgo-will-be-present-at-the-iba-2023-trade-fair\/\" tabindex=\"-1\">\n\t\t\t<div class=\"elementor-post__thumbnail\"><img loading=\"lazy\" decoding=\"async\" width=\"300\" height=\"125\" src=\"https:\/\/asgo.pt\/wp-content\/uploads\/2023\/08\/iba-300x125.jpg\" class=\"attachment-medium size-medium wp-image-3800\" alt=\"\" srcset=\"https:\/\/asgo.pt\/wp-content\/uploads\/2023\/08\/iba-300x125.jpg 300w, https:\/\/asgo.pt\/wp-content\/uploads\/2023\/08\/iba.jpg 348w\" sizes=\"(max-width: 300px) 100vw, 300px\" \/><\/div>\n\t\t<\/a>\n\t\t\t\t<div class=\"elementor-post__text\">\n\t\t\t\t<h3 class=\"elementor-post__title\">\n\t\t\t<a href=\"https:\/\/asgo.pt\/en\/asgo-will-be-present-at-the-iba-2023-trade-fair\/\">\n\t\t\t\tAsgo will be present at the IBA 2023 trade fair\t\t\t<\/a>\n\t\t<\/h3>\n\t\t\t\t<div class=\"elementor-post__meta-data\">\n\t\t\t\t\t<span class=\"elementor-post-date\">\n\t\t\tAugust 16, 2023\t\t<\/span>\n\t\t\t\t<\/div>\n\t\t\n\t\t<a class=\"elementor-post__read-more\" href=\"https:\/\/asgo.pt\/en\/asgo-will-be-present-at-the-iba-2023-trade-fair\/\" aria-label=\"Read more about Asgo will be present at the IBA 2023 trade fair\" tabindex=\"-1\">\n\t\t\tRead more &gt;\t\t<\/a>\n\n\t\t\t\t<\/div>\n\t\t\t\t<\/article>\n\t\t\t\t<\/div>\n\t\t\n\t\t\t\t\t\t<\/div>\n\t\t\t\t<\/div>\n\t\t\t\t<\/div>\n\t\t<div id=\"e-n-tab-content-1302360292\" role=\"tabpanel\" aria-labelledby=\"e-n-tab-title-1302360292\" data-tab-index=\"2\" style=\"--n-tabs-title-order: 2;\" class=\" elementor-element elementor-element-d3bb495 e-con-full e-flex e-con e-child\" data-id=\"d3bb495\" data-element_type=\"container\">\n\t\t\t\t<\/div>\n\t\t\t\t\t<\/div>\n\t\t<\/div>\n\t\t\t\t\t\t<\/div>\n\t\t\t\t<\/div>\n\t\t\t\t<\/div>\n\t\t\t\t\t<\/div>\n\t\t\t\t<\/div>\n\t\t\t\t<\/div>\n\t\t","protected":false},"excerpt":{"rendered":"<p>Events News ASGO na Tecnip\u00e3o 2024! Janeiro 23, 2024 Read more &gt; A Asgo marcar\u00e1 presen\u00e7a na Feira Alimentaria Foodtech 2023 Agosto 17, 2023 Read<\/p>\n","protected":false},"author":3,"featured_media":0,"parent":0,"menu_order":0,"comment_status":"closed","ping_status":"closed","template":"","meta":{"footnotes":""},"class_list":["post-3928","page","type-page","status-publish","hentry"],"blocksy_meta":[],"_links":{"self":[{"href":"https:\/\/asgo.pt\/en\/wp-json\/wp\/v2\/pages\/3928","targetHints":{"allow":["GET"]}}],"collection":[{"href":"https:\/\/asgo.pt\/en\/wp-json\/wp\/v2\/pages"}],"about":[{"href":"https:\/\/asgo.pt\/en\/wp-json\/wp\/v2\/types\/page"}],"author":[{"embeddable":true,"href":"https:\/\/asgo.pt\/en\/wp-json\/wp\/v2\/users\/3"}],"replies":[{"embeddable":true,"href":"https:\/\/asgo.pt\/en\/wp-json\/wp\/v2\/comments?post=3928"}],"version-history":[{"count":2,"href":"https:\/\/asgo.pt\/en\/wp-json\/wp\/v2\/pages\/3928\/revisions"}],"predecessor-version":[{"id":5794,"href":"https:\/\/asgo.pt\/en\/wp-json\/wp\/v2\/pages\/3928\/revisions\/5794"}],"wp:attachment":[{"href":"https:\/\/asgo.pt\/en\/wp-json\/wp\/v2\/media?parent=3928"}],"curies":[{"name":"wp","href":"https:\/\/api.w.org\/{rel}","templated":true}]}}